{"id":470,"date":"2018-05-27T05:09:04","date_gmt":"2018-05-27T04:09:04","guid":{"rendered":"http:\/\/www.laufzeitfehler.net\/?page_id=470"},"modified":"2018-05-27T05:20:03","modified_gmt":"2018-05-27T04:20:03","slug":"impressum","status":"publish","type":"page","link":"https:\/\/www.laufzeitfehler.net\/index.php\/impressum\/","title":{"rendered":"Impressum"},"content":{"rendered":"<p>Gem\u00e4\u00df \u00a7 28 BDSG widerspreche ich jeder kommerziellen Verwendung und Weitergabe meiner Daten.<\/p>\n<p><strong>Verantwortungsbereich<\/strong>: Das Impressum gilt nur f\u00fcr die Internetpr\u00e4senz unter der Adresse: http:\/\/www.laufzeitfehler.net und deren Unterseiten.<\/p>\n<p><img decoding=\"async\" loading=\"lazy\" class=\"alignnone wp-image-419 size-full\" src=\"http:\/\/i1.wp.com\/www.vandyrk.de\/wp-content\/uploads\/2012\/05\/2014-06-29-07_53_05-Impressum.jpg?resize=452%2C82\" sizes=\"(max-width: 452px) 100vw, 452px\" srcset=\"http:\/\/i1.wp.com\/www.vandyrk.de\/wp-content\/uploads\/2012\/05\/2014-06-29-07_53_05-Impressum.jpg?resize=452%2C82 452w, http:\/\/www.vandyrk.de\/wp-content\/uploads\/2012\/05\/2014-06-29-07_53_05-Impressum-300x54.jpg 300w\" alt=\"2014-06-29 07_53_05-Impressum\" width=\"452\" height=\"82\" \/><\/p>\n<p>&nbsp;<\/p>\n<p><strong>Urheberschutz und Nutzung<\/strong><br \/>\nDer Urheber r\u00e4umt Ihnen ganz konkret das Nutzungsrecht ein, sich eine private Kopie f\u00fcr pers\u00f6nliche Zwecke anzufertigen. Nicht berechtigt sind Sie dagegen, die Materialien zu ver\u00e4ndern und \/oder weiter zu geben oder gar selbst zu ver\u00f6ffentlichen.<br \/>\nWenn nicht ausdr\u00fccklich anders vermerkt, liegen die Urheberrechte f\u00fcr <strong>Texte<\/strong> beim\u00a0Betreiber dieser Seite.<\/p>\n<p>Die meisten <strong>Illustrationen<\/strong> (wenn nicht anders erw\u00e4hnt) unterliegen den Urheberrechten vom beim Betreiber dieser Seite.<\/p>\n<p><strong>Datenschutz<\/strong> Personenbezogene Daten werden nur mit Ihrem Wissen und Ihrer Einwilligung erhoben. Auf Antrag erhalten Sie unentgeltlich Auskunft zu den \u00fcber Sie gespeicherten personenbezogenen Daten. Wenden Sie sich dazu bitte an den\u00a0Betreiber dieser Seite.<\/p>\n<p><strong>Keine Haftung<\/strong>: Die Inhalte dieses Webprojektes wurden sorgf\u00e4ltig gepr\u00fcft und nach bestem Wissen erstellt. Aber f\u00fcr die hier dargebotenen Informationen wird kein Anspruch auf Vollst\u00e4ndigkeit, Aktualit\u00e4t, Qualit\u00e4t und Richtigkeit erhoben. Es kann keine Verantwortung f\u00fcr Sch\u00e4den \u00fcbernommen werden, die durch das Vertrauen auf die Inhalte dieser Website oder deren Gebrauch entstehen.<\/p>\n<p><strong>Schutzrechtsverletzung<\/strong>: Falls Sie vermuten, dass von dieser Website aus eines Ihrer Schutzrechte verletzt wird, teilen Sie das bitte umgehend per elektronischer Post mit, damit z\u00fcgig Abhilfe geschafft werden kann. Bitte nehmen Sie zur Kenntnis: Die zeitaufw\u00e4ndigere Einschaltung eines Anwaltes zur f\u00fcr den Diensteanbieter kostenpflichtigen Abmahnung entspricht nicht dessen wirklichen oder mutma\u00dflichen Willen.<\/p>\n","protected":false},"excerpt":{"rendered":"<div class=\"mh-excerpt\"><p>Gem\u00e4\u00df \u00a7 28 BDSG widerspreche ich jeder kommerziellen Verwendung und Weitergabe meiner Daten. Verantwortungsbereich: Das Impressum gilt nur f\u00fcr die Internetpr\u00e4senz unter der Adresse: http:\/\/www.laufzeitfehler.net <a class=\"mh-excerpt-more\" href=\"https:\/\/www.laufzeitfehler.net\/index.php\/impressum\/\" title=\"Impressum\">[&#8230;]<\/a><\/p>\n<\/div>","protected":false},"author":1,"featured_media":0,"parent":0,"menu_order":0,"comment_status":"closed","ping_status":"closed","template":"","meta":[],"_links":{"self":[{"href":"https:\/\/www.laufzeitfehler.net\/index.php\/wp-json\/wp\/v2\/pages\/470"}],"collection":[{"href":"https:\/\/www.laufzeitfehler.net\/index.php\/wp-json\/wp\/v2\/pages"}],"about":[{"href":"https:\/\/www.laufzeitfehler.net\/index.php\/wp-json\/wp\/v2\/types\/page"}],"author":[{"embeddable":true,"href":"https:\/\/www.laufzeitfehler.net\/index.php\/wp-json\/wp\/v2\/users\/1"}],"replies":[{"embeddable":true,"href":"https:\/\/www.laufzeitfehler.net\/index.php\/wp-json\/wp\/v2\/comments?post=470"}],"version-history":[{"count":2,"href":"https:\/\/www.laufzeitfehler.net\/index.php\/wp-json\/wp\/v2\/pages\/470\/revisions"}],"predecessor-version":[{"id":480,"href":"https:\/\/www.laufzeitfehler.net\/index.php\/wp-json\/wp\/v2\/pages\/470\/revisions\/480"}],"wp:attachment":[{"href":"https:\/\/www.laufzeitfehler.net\/index.php\/wp-json\/wp\/v2\/media?parent=470"}],"curies":[{"name":"wp","href":"https:\/\/api.w.org\/{rel}","templated":true}]}}